{"id":118,"date":"2024-03-04T19:17:11","date_gmt":"2024-03-05T01:17:11","guid":{"rendered":"https:\/\/wthproperties.com\/?page_id=118"},"modified":"2024-09-12T07:48:49","modified_gmt":"2024-09-12T12:48:49","slug":"concierge-services","status":"publish","type":"page","link":"https:\/\/wthproperties.com\/es\/concierge-services\/","title":{"rendered":"Servicios de Dise\u00f1o de Interiores"},"content":{"rendered":"<div class=\"wp-block-cover alignfull\" style=\"min-height:247px;aspect-ratio:unset;\"><span aria-hidden=\"true\" class=\"wp-block-cover__background has-background-dim-10 has-background-dim\" style=\"background-color:#8b8581\"><\/span><img data-recalc-dims=\"1\" loading=\"lazy\" decoding=\"async\" width=\"1024\" height=\"768\" data-attachment-id=\"1044\" data-permalink=\"https:\/\/wthproperties.com\/es\/list-with-us\/modern-chic-playful-kitchen\/\" data-orig-file=\"https:\/\/i0.wp.com\/wthproperties.com\/wp-content\/uploads\/2024\/08\/modern-chic-playful-kitchen.png?fit=1024%2C768&amp;ssl=1\" data-orig-size=\"1024,768\" data-comments-opened=\"1\" data-image-meta=\"{&quot;aperture&quot;:&quot;0&quot;,&quot;credit&quot;:&quot;&quot;,&quot;camera&quot;:&quot;&quot;,&quot;caption&quot;:&quot;&quot;,&quot;created_timestamp&quot;:&quot;0&quot;,&quot;copyright&quot;:&quot;&quot;,&quot;focal_length&quot;:&quot;0&quot;,&quot;iso&quot;:&quot;0&quot;,&quot;shutter_speed&quot;:&quot;0&quot;,&quot;title&quot;:&quot;&quot;,&quot;orientation&quot;:&quot;0&quot;}\" data-image-title=\"modern-chic-playful-kitchen\" data-image-description=\"\" data-image-caption=\"\" data-large-file=\"https:\/\/i0.wp.com\/wthproperties.com\/wp-content\/uploads\/2024\/08\/modern-chic-playful-kitchen.png?fit=1024%2C768&amp;ssl=1\" class=\"wp-block-cover__image-background wp-image-1044\" alt=\"\" src=\"https:\/\/i0.wp.com\/wthproperties.com\/wp-content\/uploads\/2024\/08\/modern-chic-playful-kitchen.png?resize=1024%2C768&#038;ssl=1\" data-object-fit=\"cover\" srcset=\"https:\/\/i0.wp.com\/wthproperties.com\/wp-content\/uploads\/2024\/08\/modern-chic-playful-kitchen.png?w=1024&amp;ssl=1 1024w, https:\/\/i0.wp.com\/wthproperties.com\/wp-content\/uploads\/2024\/08\/modern-chic-playful-kitchen.png?resize=300%2C225&amp;ssl=1 300w, https:\/\/i0.wp.com\/wthproperties.com\/wp-content\/uploads\/2024\/08\/modern-chic-playful-kitchen.png?resize=768%2C576&amp;ssl=1 768w, https:\/\/i0.wp.com\/wthproperties.com\/wp-content\/uploads\/2024\/08\/modern-chic-playful-kitchen.png?resize=800%2C600&amp;ssl=1 800w, https:\/\/i0.wp.com\/wthproperties.com\/wp-content\/uploads\/2024\/08\/modern-chic-playful-kitchen.png?resize=600%2C450&amp;ssl=1 600w, https:\/\/i0.wp.com\/wthproperties.com\/wp-content\/uploads\/2024\/08\/modern-chic-playful-kitchen.png?resize=400%2C300&amp;ssl=1 400w, https:\/\/i0.wp.com\/wthproperties.com\/wp-content\/uploads\/2024\/08\/modern-chic-playful-kitchen.png?resize=200%2C150&amp;ssl=1 200w\" sizes=\"auto, (max-width: 1000px) 100vw, 1000px\" \/><div class=\"wp-block-cover__inner-container has-global-padding is-layout-constrained wp-block-cover-is-layout-constrained\">\n<p class=\"has-text-align-center has-theme-1-color has-text-color has-link-color wp-elements-966a41bff6f01fe50373a596780fa713 wp-block-paragraph\" style=\"font-size:clamp(30.232px, 1.89rem + ((1vw - 3.2px) * 2.033), 53px);\">Servicios de Dise\u00f1o de Interiores<\/p>\n<\/div><\/div>\n\n\n\n<div class=\"wp-block-group alignfull has-global-padding is-content-justification-center is-layout-constrained wp-container-core-group-is-layout-b5fd0113 wp-block-group-is-layout-constrained\" style=\"margin-top:0;margin-bottom:0;padding-top:calc( 0.5 * var(--wp--style--root--padding-right, var(--wp--custom--gap--horizontal)));padding-right:97px;padding-bottom:calc( 0.5 * var(--wp--style--root--padding-right, var(--wp--custom--gap--horizontal)));padding-left:97px\">\n<div style=\"height:calc( 0.25 * var(--wp--style--root--padding-right, var(--wp--custom--gap--horizontal)))\" aria-hidden=\"true\" class=\"wp-block-spacer\"><\/div>\n\n\n\n<div class=\"wp-block-columns alignwide is-layout-flex wp-container-core-columns-is-layout-3b811c60 wp-block-columns-is-layout-flex\">\n<div class=\"wp-block-column is-layout-flow wp-block-column-is-layout-flow\">\n<h3 class=\"wp-block-heading has-medium-font-size\">WTH Properties - Su Asesor Confiable en Bienes Ra\u00edces<\/h3>\n\n\n\n<p class=\"has-text-align-justify wp-block-paragraph\">Aumente efectivamente el valor de mercado de su hogar con nuestros servicios de mejora personalizados. Nuestro servicio de Concierge recomienda y puede adelantar el costo de servicios selectos para renovar la apariencia de su propiedad y aumentar su atractivo. Esto se traduce en menos tiempo en el mercado y un retorno de venta a\u00fan mayor. Sin tarifas ocultas ni intereses cobrados.<\/p>\n\n\n\n<p class=\"has-text-align-justify wp-block-paragraph\">El Concierge de Water Tower Holdings tiene como objetivo preparar su hogar para un lanzamiento \u00f3ptimo en el mercado. Despu\u00e9s de evaluar las necesidades de su propiedad mediante una visita, trabajamos juntos para crear oportunidades que aumenten su valor y rentabilidad. Desde limpieza profunda hasta mejoras est\u00e9ticas, Water Tower Holdings cubrir\u00e1 los costos iniciales de servicios selectos y no cobrar\u00e1 hasta la venta de su hogar.&nbsp;<\/p>\n\n\n\n<p class=\"has-text-align-justify wp-block-paragraph\">Al invertir en el potencial de su hogar, buscamos facilitar una venta m\u00e1s r\u00e1pida y lucrativa.<\/p>\n\n\n\n<div class=\"wp-block-buttons is-content-justification-center is-layout-flex wp-container-core-buttons-is-layout-69bbf988 wp-block-buttons-is-layout-flex\">\n<div class=\"wp-block-button\"><a class=\"wp-block-button__link wp-element-button\" href=\"https:\/\/wthproperties.com\/es\/contact-us\/\">Nos encantaria hablar con usted!<\/a><\/div>\n<\/div>\n<\/div>\n<\/div>\n\n\n\n<div style=\"height:calc( 0.25 * var(--wp--style--root--padding-right, var(--wp--custom--gap--horizontal)))\" aria-hidden=\"true\" class=\"wp-block-spacer\"><\/div>\n<\/div>","protected":false},"excerpt":{"rendered":"<p>WTH Properties &#8211; Your Trusted Real Estate Partner Effectively increase your home\u2019s market value with our tailored improvement services. Our Concierge service recommends and could front the cost of select services to revamp your property\u2019s appearance and enhance its desirability. This translates into less time on the market yielding an even higher return on sale. [&hellip;]<\/p>\n","protected":false},"author":246325184,"featured_media":0,"parent":0,"menu_order":0,"comment_status":"closed","ping_status":"closed","template":"","meta":{"_crdt_document":"","advanced_seo_description":"","jetpack_seo_html_title":"","jetpack_seo_noindex":false,"footnotes":""},"class_list":["post-118","page","type-page","status-publish","hentry"],"jetpack_likes_enabled":true,"jetpack_sharing_enabled":true,"jetpack_shortlink":"https:\/\/wp.me\/Pfvj9U-1U","jetpack-related-posts":[],"_links":{"self":[{"href":"https:\/\/wthproperties.com\/es\/wp-json\/wp\/v2\/pages\/118","targetHints":{"allow":["GET"]}}],"collection":[{"href":"https:\/\/wthproperties.com\/es\/wp-json\/wp\/v2\/pages"}],"about":[{"href":"https:\/\/wthproperties.com\/es\/wp-json\/wp\/v2\/types\/page"}],"author":[{"embeddable":true,"href":"https:\/\/wthproperties.com\/es\/wp-json\/wp\/v2\/users\/246325184"}],"replies":[{"embeddable":true,"href":"https:\/\/wthproperties.com\/es\/wp-json\/wp\/v2\/comments?post=118"}],"version-history":[{"count":11,"href":"https:\/\/wthproperties.com\/es\/wp-json\/wp\/v2\/pages\/118\/revisions"}],"predecessor-version":[{"id":1188,"href":"https:\/\/wthproperties.com\/es\/wp-json\/wp\/v2\/pages\/118\/revisions\/1188"}],"wp:attachment":[{"href":"https:\/\/wthproperties.com\/es\/wp-json\/wp\/v2\/media?parent=118"}],"curies":[{"name":"wp","href":"https:\/\/api.w.org\/{rel}","templated":true}]}}