{"id":120,"date":"2024-03-04T19:19:05","date_gmt":"2024-03-05T01:19:05","guid":{"rendered":"https:\/\/wthproperties.com\/?page_id=120"},"modified":"2024-09-13T13:19:42","modified_gmt":"2024-09-13T18:19:42","slug":"buy-with-us","status":"publish","type":"page","link":"https:\/\/wthproperties.com\/es\/buy-with-us\/","title":{"rendered":"Compre con Nosotros"},"content":{"rendered":"<div class=\"wp-block-cover alignfull is-light\" style=\"min-height:230px;aspect-ratio:unset;\"><span aria-hidden=\"true\" class=\"wp-block-cover__background has-background-dim-20 has-background-dim\" style=\"background-color:#958d88\"><\/span><img data-recalc-dims=\"1\" loading=\"lazy\" decoding=\"async\" width=\"1024\" height=\"768\" data-attachment-id=\"1132\" data-permalink=\"https:\/\/wthproperties.com\/es\/property-services\/modern-chic-dining-room\/\" data-orig-file=\"https:\/\/i0.wp.com\/wthproperties.com\/wp-content\/uploads\/2024\/08\/modern-chic-dining-room.png?fit=1024%2C768&amp;ssl=1\" data-orig-size=\"1024,768\" data-comments-opened=\"1\" data-image-meta=\"{&quot;aperture&quot;:&quot;0&quot;,&quot;credit&quot;:&quot;&quot;,&quot;camera&quot;:&quot;&quot;,&quot;caption&quot;:&quot;&quot;,&quot;created_timestamp&quot;:&quot;0&quot;,&quot;copyright&quot;:&quot;&quot;,&quot;focal_length&quot;:&quot;0&quot;,&quot;iso&quot;:&quot;0&quot;,&quot;shutter_speed&quot;:&quot;0&quot;,&quot;title&quot;:&quot;&quot;,&quot;orientation&quot;:&quot;0&quot;}\" data-image-title=\"modern-chic-dining-room\" data-image-description=\"\" data-image-caption=\"\" data-large-file=\"https:\/\/i0.wp.com\/wthproperties.com\/wp-content\/uploads\/2024\/08\/modern-chic-dining-room.png?fit=1024%2C768&amp;ssl=1\" class=\"wp-block-cover__image-background wp-image-1132\" alt=\"\" src=\"https:\/\/i0.wp.com\/wthproperties.com\/wp-content\/uploads\/2024\/08\/modern-chic-dining-room.png?resize=1024%2C768&#038;ssl=1\" style=\"object-position:53% 57%\" data-object-fit=\"cover\" data-object-position=\"53% 57%\" srcset=\"https:\/\/i0.wp.com\/wthproperties.com\/wp-content\/uploads\/2024\/08\/modern-chic-dining-room.png?w=1024&amp;ssl=1 1024w, https:\/\/i0.wp.com\/wthproperties.com\/wp-content\/uploads\/2024\/08\/modern-chic-dining-room.png?resize=300%2C225&amp;ssl=1 300w, https:\/\/i0.wp.com\/wthproperties.com\/wp-content\/uploads\/2024\/08\/modern-chic-dining-room.png?resize=768%2C576&amp;ssl=1 768w, https:\/\/i0.wp.com\/wthproperties.com\/wp-content\/uploads\/2024\/08\/modern-chic-dining-room.png?resize=800%2C600&amp;ssl=1 800w, https:\/\/i0.wp.com\/wthproperties.com\/wp-content\/uploads\/2024\/08\/modern-chic-dining-room.png?resize=600%2C450&amp;ssl=1 600w, https:\/\/i0.wp.com\/wthproperties.com\/wp-content\/uploads\/2024\/08\/modern-chic-dining-room.png?resize=400%2C300&amp;ssl=1 400w, https:\/\/i0.wp.com\/wthproperties.com\/wp-content\/uploads\/2024\/08\/modern-chic-dining-room.png?resize=200%2C150&amp;ssl=1 200w\" sizes=\"auto, (max-width: 1000px) 100vw, 1000px\" \/><div class=\"wp-block-cover__inner-container has-global-padding is-layout-constrained wp-block-cover-is-layout-constrained\">\n<p class=\"has-text-align-center has-theme-1-color has-text-color has-link-color has-large-font-size wp-elements-212ca56d25ee5905c5ecf16383af5d05 wp-block-paragraph\">Encuentre su hogar so\u00f1ado con <mark style=\"background-color:rgba(0, 0, 0, 0)\" class=\"has-inline-color has-theme-1-color\">WTH <em>Properties<\/em><\/mark><\/p>\n<\/div><\/div>\n\n\n\n<div class=\"wp-block-group alignfull has-global-padding is-content-justification-center is-layout-constrained wp-container-core-group-is-layout-452657ba wp-block-group-is-layout-constrained\" style=\"margin-top:0;margin-bottom:0;padding-top:calc( 0.5 * var(--wp--style--root--padding-right, var(--wp--custom--gap--horizontal)));padding-right:var(--wp--style--root--padding-right, var(--wp--custom--gap--horizontal));padding-bottom:calc( 0.5 * var(--wp--style--root--padding-right, var(--wp--custom--gap--horizontal)));padding-left:var(--wp--style--root--padding-left, var(--wp--custom--gap--horizontal))\">\n<div class=\"wp-block-columns alignwide is-layout-flex wp-container-core-columns-is-layout-20f890a0 wp-block-columns-is-layout-flex\" style=\"padding-right:var(--wp--preset--spacing--40);padding-left:var(--wp--preset--spacing--40)\">\n<div class=\"wp-block-column is-layout-flow wp-block-column-is-layout-flow\">\n<p class=\"has-text-align-justify wp-block-paragraph\">Comprar una propiedad podr\u00eda ser una de las decisiones de inversi\u00f3n m\u00e1s grandes de su vida, por lo que es de suma importancia recibir la orientaci\u00f3n correcta y un asesoramiento excepcional. El dedicado equipo de expertos de Water Tower Holdings Properties (WTH) est\u00e1 aqu\u00ed para trabajar para usted y los suyos. Compartimos un objetivo en com\u00fan con nuestros clientes, escuchamos cuidadosamente sus requisitos y los ayudamos a tomar decisiones informadas para encontrar la propiedad ideal que satisfaga sus necesidades al precio adecuado.&nbsp;<\/p>\n\n\n\n<p class=\"has-text-align-justify wp-block-paragraph\">WTH posee un conocimiento de mercado exhaustivo adquirido a trav\u00e9s de m\u00e1s de veinte a\u00f1os de experiencia en bienes ra\u00edces, junto con acceso a una gran cantidad de propiedades que no est\u00e1n en el mercado o que pronto estar\u00e1n listadas, brindando una amplia variedad de opciones a nuestros clientes. Nuestro equipo utiliza su conocimiento para determinar el valor de la propiedad y tiene perspicacia en cuanto a la calidad de construcci\u00f3n, materiales y acabados.<\/p>\n\n\n\n<p class=\"has-text-align-justify wp-block-paragraph\">En el momento en que decida adquirir una propiedad, representaremos diligentemente sus intereses durante todo el proceso de compra, asegurando el mejor precio posible, gestionando y abogando por usted durante la inspecci\u00f3n, el dep\u00f3sito en garant\u00eda, el t\u00edtulo y el cierre.&nbsp;<\/p>\n\n\n\n<p class=\"has-text-align-justify wp-block-paragraph\">Perm\u00edtanos guiarlo y hacer realidad su sue\u00f1o inmobiliario.&nbsp;&nbsp;<\/p>\n\n\n\n<p class=\"has-text-align-center wp-block-paragraph\"><a href=\"https:\/\/wthproperties.com\/es\/buyers-guide\/\" data-type=\"page\" data-id=\"123\"><mark style=\"background-color:rgba(0, 0, 0, 0)\" class=\"has-inline-color has-theme-3-color\">\u00a1Haz clic aqu\u00ed para ver una gu\u00eda de compra detallada que hemos creado para usted!<\/mark><\/a><\/p>\n<\/div>\n<\/div>\n\n\n\n<div style=\"height:calc( 0.25 * var(--wp--style--root--padding-right, var(--wp--custom--gap--horizontal)))\" aria-hidden=\"true\" class=\"wp-block-spacer\"><\/div>\n<\/div>\n\n\n\n<div class=\"wp-block-cover alignwide is-light has-theme-5-color has-text-color has-link-color wp-elements-f78a50f72dbb08f7227e52b8a253c903\" style=\"margin-top:0;margin-bottom:0;padding-top:0;padding-right:var(--wp--style--root--padding-right, var(--wp--custom--gap--horizontal));padding-bottom:0;padding-left:var(--wp--style--root--padding-left, var(--wp--custom--gap--horizontal));min-height:180px;aspect-ratio:unset;\"><span aria-hidden=\"true\" class=\"wp-block-cover__background has-theme-1-background-color has-background-dim-30 has-background-dim\"><\/span><img data-recalc-dims=\"1\" loading=\"lazy\" decoding=\"async\" width=\"1024\" height=\"768\" data-attachment-id=\"1135\" data-permalink=\"https:\/\/wthproperties.com\/es\/property-services\/modern-chic-play-room-for-kids-2\/\" data-orig-file=\"https:\/\/i0.wp.com\/wthproperties.com\/wp-content\/uploads\/2024\/08\/modern-chic-play-room-for-kids-1.png?fit=1024%2C768&amp;ssl=1\" data-orig-size=\"1024,768\" data-comments-opened=\"1\" data-image-meta=\"{&quot;aperture&quot;:&quot;0&quot;,&quot;credit&quot;:&quot;&quot;,&quot;camera&quot;:&quot;&quot;,&quot;caption&quot;:&quot;&quot;,&quot;created_timestamp&quot;:&quot;0&quot;,&quot;copyright&quot;:&quot;&quot;,&quot;focal_length&quot;:&quot;0&quot;,&quot;iso&quot;:&quot;0&quot;,&quot;shutter_speed&quot;:&quot;0&quot;,&quot;title&quot;:&quot;&quot;,&quot;orientation&quot;:&quot;0&quot;}\" data-image-title=\"modern-chic-play-room-for-kids\" data-image-description=\"\" data-image-caption=\"\" data-large-file=\"https:\/\/i0.wp.com\/wthproperties.com\/wp-content\/uploads\/2024\/08\/modern-chic-play-room-for-kids-1.png?fit=1024%2C768&amp;ssl=1\" class=\"wp-block-cover__image-background wp-image-1135\" alt=\"\" src=\"https:\/\/i0.wp.com\/wthproperties.com\/wp-content\/uploads\/2024\/08\/modern-chic-play-room-for-kids-1.png?resize=1024%2C768&#038;ssl=1\" data-object-fit=\"cover\" srcset=\"https:\/\/i0.wp.com\/wthproperties.com\/wp-content\/uploads\/2024\/08\/modern-chic-play-room-for-kids-1.png?w=1024&amp;ssl=1 1024w, https:\/\/i0.wp.com\/wthproperties.com\/wp-content\/uploads\/2024\/08\/modern-chic-play-room-for-kids-1.png?resize=300%2C225&amp;ssl=1 300w, https:\/\/i0.wp.com\/wthproperties.com\/wp-content\/uploads\/2024\/08\/modern-chic-play-room-for-kids-1.png?resize=768%2C576&amp;ssl=1 768w, https:\/\/i0.wp.com\/wthproperties.com\/wp-content\/uploads\/2024\/08\/modern-chic-play-room-for-kids-1.png?resize=800%2C600&amp;ssl=1 800w, https:\/\/i0.wp.com\/wthproperties.com\/wp-content\/uploads\/2024\/08\/modern-chic-play-room-for-kids-1.png?resize=600%2C450&amp;ssl=1 600w, https:\/\/i0.wp.com\/wthproperties.com\/wp-content\/uploads\/2024\/08\/modern-chic-play-room-for-kids-1.png?resize=400%2C300&amp;ssl=1 400w, https:\/\/i0.wp.com\/wthproperties.com\/wp-content\/uploads\/2024\/08\/modern-chic-play-room-for-kids-1.png?resize=200%2C150&amp;ssl=1 200w\" sizes=\"auto, (max-width: 1000px) 100vw, 1000px\" \/><div class=\"wp-block-cover__inner-container is-layout-flow wp-block-cover-is-layout-flow\">\n<header class=\"wp-block-group alignwide is-content-justification-space-between is-nowrap is-layout-flex wp-container-core-group-is-layout-251bacb0 wp-block-group-is-layout-flex\" style=\"margin-top:0;margin-bottom:0\">\n<div class=\"wp-block-group is-nowrap is-layout-flex wp-container-core-group-is-layout-96967725 wp-block-group-is-layout-flex\">\n<div class=\"wp-block-group is-nowrap is-layout-flex wp-container-core-group-is-layout-930d3512 wp-block-group-is-layout-flex\"><\/div>\n<\/div>\n\n\n\n<h3 class=\"wp-block-heading has-text-align-left\"><mark style=\"background-color:rgba(0, 0, 0, 0)\" class=\"has-inline-color has-theme-4-color\">\u201cTu hogar es donde comienza tu historia.\u201d<\/mark><\/h3>\n\n\n\n<div class=\"wp-block-group is-nowrap is-layout-flex wp-container-core-group-is-layout-32f0eb9c wp-block-group-is-layout-flex\">\n<div class=\"wp-block-buttons is-layout-flex wp-block-buttons-is-layout-flex\">\n<div class=\"wp-block-button\"><a class=\"wp-block-button__link wp-element-button\" href=\"https:\/\/wthproperties.com\/es\/contact-us\/\">contactenos!<\/a><\/div>\n<\/div>\n<\/div>\n<\/header>\n<\/div><\/div>\n\n\n\n<div class=\"wp-block-group alignfull has-global-padding is-content-justification-center is-layout-constrained wp-container-core-group-is-layout-35200ff5 wp-block-group-is-layout-constrained\" style=\"margin-top:0;margin-bottom:0;padding-top:calc( 0.5 * var(--wp--style--root--padding-right, var(--wp--custom--gap--horizontal)));padding-right:79px;padding-bottom:calc( 0.5 * var(--wp--style--root--padding-right, var(--wp--custom--gap--horizontal)));padding-left:94px\">\n<div style=\"height:calc( 0.25 * var(--wp--style--root--padding-right, var(--wp--custom--gap--horizontal)))\" aria-hidden=\"true\" class=\"wp-block-spacer\"><\/div>\n\n\n\n<div class=\"wp-block-columns alignwide are-vertically-aligned-center is-layout-flex wp-container-core-columns-is-layout-3b811c60 wp-block-columns-is-layout-flex\">\n<div class=\"wp-block-column is-vertically-aligned-center has-global-padding is-content-justification-left is-layout-constrained wp-container-core-column-is-layout-11297fa1 wp-block-column-is-layout-constrained\" style=\"padding-top:0;padding-bottom:0;flex-basis:60%\">\n<h2 class=\"wp-block-heading has-text-align-left has-large-font-size\">Suscr\u00edbase<\/h2>\n\n\n\n<div style=\"height:12px\" aria-hidden=\"true\" class=\"wp-block-spacer\"><\/div>\n\n\n\n<p class=\"wp-block-paragraph\">Reg\u00edstrese para recibir noticias sobre el mercado inmobiliario en el \u00e1rea de Chicago, actividades en la ciudad y mucho m\u00e1s!<\/p>\n<\/div>\n\n\n\n<div class=\"wp-block-column is-vertically-aligned-center is-layout-flow wp-container-core-column-is-layout-41d2f830 wp-block-column-is-layout-flow\" style=\"flex-basis:40%\"><div class=\"wp-block-jetpack-subscriptions__supports-newline wp-block-jetpack-subscriptions\">\n\t\t<div>\n\t\t\t<div>\n\t\t\t\t<div>\n\t\t\t\t\t<p >\n\t\t\t\t\t\t<a href=\"https:\/\/wthproperties.com\/es\/?post_type=page&#038;p=120\" style=\"font-size: 16px;padding: 15px 23px 15px 23px;margin: 0; margin-left: 10px;border-radius: 0px;border-width: 1px; background-color: #113AF5; color: #FFFFFF; text-decoration: none; white-space: nowrap; margin-left: 0\">Suscribirse<\/a>\n\t\t\t\t\t<\/p>\n\t\t\t\t<\/div>\n\t\t\t<\/div>\n\t\t<\/div>\n\t<\/div><\/div>\n<\/div>\n\n\n\n<div style=\"height:calc( 0.25 * var(--wp--style--root--padding-right, var(--wp--custom--gap--horizontal)))\" aria-hidden=\"true\" class=\"wp-block-spacer\"><\/div>\n<\/div>","protected":false},"excerpt":{"rendered":"<p>Buying a property could be one of the largest investment decisions of your life, it is of paramount importance to receive the correct guidance and exceptional advice. Water Tower Holdings\u2019 Properties dedicated team of experts is here to work for you. We share a common goal with our clients, we carefully listen to their requirements [&hellip;]<\/p>\n","protected":false},"author":246325184,"featured_media":0,"parent":0,"menu_order":0,"comment_status":"closed","ping_status":"closed","template":"","meta":{"_crdt_document":"","advanced_seo_description":"","jetpack_seo_html_title":"","jetpack_seo_noindex":false,"footnotes":""},"class_list":["post-120","page","type-page","status-publish","hentry"],"jetpack_likes_enabled":true,"jetpack_sharing_enabled":true,"jetpack_shortlink":"https:\/\/wp.me\/Pfvj9U-1W","jetpack-related-posts":[],"_links":{"self":[{"href":"https:\/\/wthproperties.com\/es\/wp-json\/wp\/v2\/pages\/120","targetHints":{"allow":["GET"]}}],"collection":[{"href":"https:\/\/wthproperties.com\/es\/wp-json\/wp\/v2\/pages"}],"about":[{"href":"https:\/\/wthproperties.com\/es\/wp-json\/wp\/v2\/types\/page"}],"author":[{"embeddable":true,"href":"https:\/\/wthproperties.com\/es\/wp-json\/wp\/v2\/users\/246325184"}],"replies":[{"embeddable":true,"href":"https:\/\/wthproperties.com\/es\/wp-json\/wp\/v2\/comments?post=120"}],"version-history":[{"count":26,"href":"https:\/\/wthproperties.com\/es\/wp-json\/wp\/v2\/pages\/120\/revisions"}],"predecessor-version":[{"id":1205,"href":"https:\/\/wthproperties.com\/es\/wp-json\/wp\/v2\/pages\/120\/revisions\/1205"}],"wp:attachment":[{"href":"https:\/\/wthproperties.com\/es\/wp-json\/wp\/v2\/media?parent=120"}],"curies":[{"name":"wp","href":"https:\/\/api.w.org\/{rel}","templated":true}]}}