{"id":128,"date":"2024-03-04T19:21:57","date_gmt":"2024-03-05T01:21:57","guid":{"rendered":"https:\/\/wthproperties.com\/?page_id=128"},"modified":"2024-09-26T10:08:22","modified_gmt":"2024-09-26T15:08:22","slug":"rent-with-us","status":"publish","type":"page","link":"https:\/\/wthproperties.com\/es\/rent-with-us\/","title":{"rendered":"Alquile con Nosotros"},"content":{"rendered":"<div class=\"wp-block-cover alignfull is-light\" style=\"margin-top:0;margin-bottom:0;padding-top:0;padding-right:var(--wp--style--root--padding-right, var(--wp--custom--gap--horizontal));padding-bottom:0;padding-left:var(--wp--style--root--padding-left, var(--wp--custom--gap--horizontal));min-height:175px;aspect-ratio:unset;\"><span aria-hidden=\"true\" class=\"wp-block-cover__background has-theme-1-background-color has-background-dim-0 has-background-dim\"><\/span><img data-recalc-dims=\"1\" loading=\"lazy\" decoding=\"async\" width=\"2158\" height=\"1039\" data-attachment-id=\"248\" data-permalink=\"https:\/\/wthproperties.com\/es\/rent-with-us\/studio-project-19\/\" data-orig-file=\"https:\/\/i0.wp.com\/wthproperties.com\/wp-content\/uploads\/2024\/03\/Studio-Project-19-e1710000698348.png?fit=2158%2C1039&amp;ssl=1\" data-orig-size=\"2158,1039\" data-comments-opened=\"1\" data-image-meta=\"{&quot;aperture&quot;:&quot;0&quot;,&quot;credit&quot;:&quot;&quot;,&quot;camera&quot;:&quot;&quot;,&quot;caption&quot;:&quot;&quot;,&quot;created_timestamp&quot;:&quot;0&quot;,&quot;copyright&quot;:&quot;&quot;,&quot;focal_length&quot;:&quot;0&quot;,&quot;iso&quot;:&quot;0&quot;,&quot;shutter_speed&quot;:&quot;0&quot;,&quot;title&quot;:&quot;&quot;,&quot;orientation&quot;:&quot;0&quot;}\" data-image-title=\"Studio-Project-19\" data-image-description=\"\" data-image-caption=\"\" data-large-file=\"https:\/\/i0.wp.com\/wthproperties.com\/wp-content\/uploads\/2024\/03\/Studio-Project-19-e1710000698348.png?fit=1024%2C493&amp;ssl=1\" class=\"wp-block-cover__image-background wp-image-248\" alt=\"\" src=\"https:\/\/i0.wp.com\/wthproperties.com\/wp-content\/uploads\/2024\/03\/Studio-Project-19-e1710000698348.png?resize=2158%2C1039&#038;ssl=1\" style=\"object-position:52% 100%\" data-object-fit=\"cover\" data-object-position=\"52% 100%\" srcset=\"https:\/\/i0.wp.com\/wthproperties.com\/wp-content\/uploads\/2024\/03\/Studio-Project-19-e1710000698348.png?w=2158&amp;ssl=1 2158w, https:\/\/i0.wp.com\/wthproperties.com\/wp-content\/uploads\/2024\/03\/Studio-Project-19-e1710000698348.png?resize=300%2C144&amp;ssl=1 300w, https:\/\/i0.wp.com\/wthproperties.com\/wp-content\/uploads\/2024\/03\/Studio-Project-19-e1710000698348.png?resize=1024%2C493&amp;ssl=1 1024w, https:\/\/i0.wp.com\/wthproperties.com\/wp-content\/uploads\/2024\/03\/Studio-Project-19-e1710000698348.png?resize=768%2C370&amp;ssl=1 768w, https:\/\/i0.wp.com\/wthproperties.com\/wp-content\/uploads\/2024\/03\/Studio-Project-19-e1710000698348.png?resize=1536%2C740&amp;ssl=1 1536w, https:\/\/i0.wp.com\/wthproperties.com\/wp-content\/uploads\/2024\/03\/Studio-Project-19-e1710000698348.png?resize=2048%2C986&amp;ssl=1 2048w, https:\/\/i0.wp.com\/wthproperties.com\/wp-content\/uploads\/2024\/03\/Studio-Project-19-e1710000698348.png?resize=1200%2C578&amp;ssl=1 1200w\" sizes=\"auto, (max-width: 1000px) 100vw, 1000px\" \/><div class=\"wp-block-cover__inner-container is-layout-flow wp-block-cover-is-layout-flow\">\n<header class=\"wp-block-group alignwide is-content-justification-space-between is-nowrap is-layout-flex wp-container-core-group-is-layout-251bacb0 wp-block-group-is-layout-flex\" style=\"margin-top:0;margin-bottom:0\">\n<div class=\"wp-block-group is-nowrap is-layout-flex wp-container-core-group-is-layout-96967725 wp-block-group-is-layout-flex\">\n<div class=\"wp-block-group is-nowrap is-layout-flex wp-container-core-group-is-layout-930d3512 wp-block-group-is-layout-flex\"><\/div>\n<\/div>\n\n\n\n<h3 class=\"wp-block-heading has-theme-1-color has-text-color has-link-color wp-elements-40309ed05bab92247e03f7b882436595\" style=\"font-size:clamp(23.54px, 1.471rem + ((1vw - 3.2px) * 1.38), 39px);\"><mark style=\"background-color:rgba(0, 0, 0, 0)\" class=\"has-inline-color has-theme-1-color\">Encuentre el lugar perfecto para alquilar con WTH Properties.<\/mark><\/h3>\n\n\n\n<div class=\"wp-block-buttons is-layout-flex wp-block-buttons-is-layout-flex\"><\/div>\n<\/header>\n<\/div><\/div>\n\n\n\n<p class=\"has-text-align-justify wp-block-paragraph\">Todos hemos alquilado un apartamento o una casa en alg\u00fan momento de nuestras vidas y dependiendo de la situaci\u00f3n, esta podr\u00eda seguir siendo la opci\u00f3n m\u00e1s viable. En Water Tower Holdings Properties, contamos con un equipo dedicado que se enfoca en el alquiler residencial.&nbsp;<\/p>\n\n\n\n<p class=\"has-text-align-justify wp-block-paragraph\">Nuestro equipo le proporcionar\u00e1 una orientaci\u00f3n integral para ayudarle a encontrar el lugar ideal al que pueda llamar hogar, satisfaciendo sus necesidades y deseos espec\u00edficos. Esto, combinado con nuestras listas de alquiler fuera del mercado y nuestra propia cartera de propiedades, le dar\u00e1 la ventaja que necesita para asegurar el alquiler adecuado.&nbsp;<\/p>\n\n\n\n<p class=\"has-text-align-justify wp-block-paragraph\">Nuestros agentes le asesorar\u00e1n durante todo el proceso de alquiler, le aconsejar\u00e1n en cada paso del camino y estar\u00e1n disponibles para responder cualquier pregunta que pueda tener.<\/p>\n\n\n\n<div class=\"wp-block-buttons is-content-justification-center is-layout-flex wp-container-core-buttons-is-layout-69bbf988 wp-block-buttons-is-layout-flex\">\n<div class=\"wp-block-button\"><a class=\"wp-block-button__link wp-element-button\" href=\"https:\/\/wthproperties.com\/es\/contact-us\/\">D\u00e9jenos un mensaje!<\/a><\/div>\n<\/div>\n\n\n\n<div style=\"height:40px\" aria-hidden=\"true\" class=\"wp-block-spacer\"><\/div>","protected":false},"excerpt":{"rendered":"<p>We have all rented an apartment or house at some point in our lives and depending on the situation this could still be the more feasible option. At Water Tower Holdings\u2019 Properties we have a dedicated team that focuses on residential leasing.&nbsp; Our team will provide well-rounded guidance to help you find your ideal place [&hellip;]<\/p>\n","protected":false},"author":246325184,"featured_media":0,"parent":0,"menu_order":0,"comment_status":"closed","ping_status":"closed","template":"","meta":{"_crdt_document":"","advanced_seo_description":"","jetpack_seo_html_title":"","jetpack_seo_noindex":false,"footnotes":""},"class_list":["post-128","page","type-page","status-publish","hentry"],"jetpack_likes_enabled":true,"jetpack_sharing_enabled":true,"jetpack_shortlink":"https:\/\/wp.me\/Pfvj9U-24","jetpack-related-posts":[],"_links":{"self":[{"href":"https:\/\/wthproperties.com\/es\/wp-json\/wp\/v2\/pages\/128","targetHints":{"allow":["GET"]}}],"collection":[{"href":"https:\/\/wthproperties.com\/es\/wp-json\/wp\/v2\/pages"}],"about":[{"href":"https:\/\/wthproperties.com\/es\/wp-json\/wp\/v2\/types\/page"}],"author":[{"embeddable":true,"href":"https:\/\/wthproperties.com\/es\/wp-json\/wp\/v2\/users\/246325184"}],"replies":[{"embeddable":true,"href":"https:\/\/wthproperties.com\/es\/wp-json\/wp\/v2\/comments?post=128"}],"version-history":[{"count":9,"href":"https:\/\/wthproperties.com\/es\/wp-json\/wp\/v2\/pages\/128\/revisions"}],"predecessor-version":[{"id":1299,"href":"https:\/\/wthproperties.com\/es\/wp-json\/wp\/v2\/pages\/128\/revisions\/1299"}],"wp:attachment":[{"href":"https:\/\/wthproperties.com\/es\/wp-json\/wp\/v2\/media?parent=128"}],"curies":[{"name":"wp","href":"https:\/\/api.w.org\/{rel}","templated":true}]}}