{"id":173,"date":"2024-03-04T19:19:33","date_gmt":"2024-03-05T01:19:33","guid":{"rendered":"https:\/\/wthproperties.com\/?page_id=173"},"modified":"2025-10-10T19:40:50","modified_gmt":"2025-10-11T00:40:50","slug":"mortgage-calculator-2","status":"publish","type":"page","link":"https:\/\/wthproperties.com\/es\/mortgage-calculator-2\/","title":{"rendered":"Calculadora de Hipotecas."},"content":{"rendered":"<div class=\"wp-block-cover alignfull is-light\" style=\"min-height:221px;aspect-ratio:unset;\"><img data-recalc-dims=\"1\" loading=\"lazy\" decoding=\"async\" width=\"1024\" height=\"768\" data-attachment-id=\"1064\" data-permalink=\"https:\/\/wthproperties.com\/es\/free-property-valuation\/real-estate-earnings\/\" data-orig-file=\"https:\/\/i0.wp.com\/wthproperties.com\/wp-content\/uploads\/2024\/08\/real-estate-earnings.png?fit=1024%2C768&amp;ssl=1\" data-orig-size=\"1024,768\" data-comments-opened=\"1\" data-image-meta=\"{&quot;aperture&quot;:&quot;0&quot;,&quot;credit&quot;:&quot;&quot;,&quot;camera&quot;:&quot;&quot;,&quot;caption&quot;:&quot;&quot;,&quot;created_timestamp&quot;:&quot;0&quot;,&quot;copyright&quot;:&quot;&quot;,&quot;focal_length&quot;:&quot;0&quot;,&quot;iso&quot;:&quot;0&quot;,&quot;shutter_speed&quot;:&quot;0&quot;,&quot;title&quot;:&quot;&quot;,&quot;orientation&quot;:&quot;0&quot;}\" data-image-title=\"real-estate-earnings\" data-image-description=\"\" data-image-caption=\"\" data-large-file=\"https:\/\/i0.wp.com\/wthproperties.com\/wp-content\/uploads\/2024\/08\/real-estate-earnings.png?fit=1024%2C768&amp;ssl=1\" class=\"wp-block-cover__image-background wp-image-1064\" alt=\"\" src=\"https:\/\/i0.wp.com\/wthproperties.com\/wp-content\/uploads\/2024\/08\/real-estate-earnings.png?resize=1024%2C768&#038;ssl=1\" style=\"object-position:51% 78%\" data-object-fit=\"cover\" data-object-position=\"51% 78%\" srcset=\"https:\/\/i0.wp.com\/wthproperties.com\/wp-content\/uploads\/2024\/08\/real-estate-earnings.png?w=1024&amp;ssl=1 1024w, https:\/\/i0.wp.com\/wthproperties.com\/wp-content\/uploads\/2024\/08\/real-estate-earnings.png?resize=300%2C225&amp;ssl=1 300w, https:\/\/i0.wp.com\/wthproperties.com\/wp-content\/uploads\/2024\/08\/real-estate-earnings.png?resize=768%2C576&amp;ssl=1 768w, https:\/\/i0.wp.com\/wthproperties.com\/wp-content\/uploads\/2024\/08\/real-estate-earnings.png?resize=800%2C600&amp;ssl=1 800w, https:\/\/i0.wp.com\/wthproperties.com\/wp-content\/uploads\/2024\/08\/real-estate-earnings.png?resize=600%2C450&amp;ssl=1 600w, https:\/\/i0.wp.com\/wthproperties.com\/wp-content\/uploads\/2024\/08\/real-estate-earnings.png?resize=400%2C300&amp;ssl=1 400w, https:\/\/i0.wp.com\/wthproperties.com\/wp-content\/uploads\/2024\/08\/real-estate-earnings.png?resize=200%2C150&amp;ssl=1 200w\" sizes=\"auto, (max-width: 1000px) 100vw, 1000px\" \/><span aria-hidden=\"true\" class=\"wp-block-cover__background has-background-dim-10 has-background-dim\" style=\"background-color:#c6c2c1\"><\/span><div class=\"wp-block-cover__inner-container has-global-padding is-layout-constrained wp-block-cover-is-layout-constrained\">\n<p class=\"has-text-align-center has-theme-1-color has-text-color has-link-color has-large-font-size wp-elements-97d1442e5043e788cf0b4558420d4de0 wp-block-paragraph\">Calculadora de Hipotecas.<\/p>\n<\/div><\/div>\n\n\n\n<div class=\"wp-block-group alignfull has-global-padding is-content-justification-center is-layout-constrained wp-container-core-group-is-layout-93a73304 wp-block-group-is-layout-constrained\" style=\"margin-top:0;margin-bottom:0;padding-top:calc( 0.5 * var(u002du002dwpu002du002dstyleu002du002drootu002du002dpadding-right, var(u002du002dwpu002du002dcustomu002du002dgapu002du002dhorizontal)));padding-right:86px;padding-bottom:calc( 0.5 * var(u002du002dwpu002du002dstyleu002du002drootu002du002dpadding-right, var(u002du002dwpu002du002dcustomu002du002dgapu002du002dhorizontal)));padding-left:118px\">\n<div style=\"height:calc( 0.25 * var(--wp--style--root--padding-right, var(--wp--custom--gap--horizontal)))\" aria-hidden=\"true\" class=\"wp-block-spacer\"><\/div>\n\n\n\n<div class=\"wp-block-columns alignwide is-layout-flex wp-container-core-columns-is-layout-3b811c60 wp-block-columns-is-layout-flex\">\n<div class=\"wp-block-column is-layout-flow wp-block-column-is-layout-flow\">\n<p class=\"is-service-description wp-block-paragraph\">Utilice nuestra calculadora de hipotecas para estimar sus pagos mensuales y descubrir el precio de la propiedad que podr\u00eda permitirse seg\u00fan su presupuesto. Esta calculadora proporciona un valor aproximado de su pr\u00e9stamo hipotecario y una comparaci\u00f3n entre los pagos mensuales y quincenales. Tenga en cuenta que estos son valores estimados basados en la informaci\u00f3n proporcionada. Por favor, comun\u00edquese con un profesional hipotecario para obtener m\u00e1s detalles. Esto no constituye un compromiso de pr\u00e9stamo ni una preaprobaci\u00f3n.&nbsp;<\/p>\n<\/div>\n<\/div>\n<\/div>\n\n\n\n<div class=\"wp-block-group alignfull has-global-padding is-content-justification-center is-layout-constrained wp-container-core-group-is-layout-3dbd8ea6 wp-block-group-is-layout-constrained\" style=\"min-height:0px;margin-top:0;margin-bottom:0;padding-top:calc( 0.5 * var(u002du002dwpu002du002dstyleu002du002drootu002du002dpadding-right, var(u002du002dwpu002du002dcustomu002du002dgapu002du002dhorizontal)));padding-right:143px;padding-bottom:calc( 0.5 * var(u002du002dwpu002du002dstyleu002du002drootu002du002dpadding-right, var(u002du002dwpu002du002dcustomu002du002dgapu002du002dhorizontal)));padding-left:143px;font-size:10px\">\n<div style=\"height:calc( 0.25 * var(--wp--style--root--padding-right, var(--wp--custom--gap--horizontal)))\" aria-hidden=\"true\" class=\"wp-block-spacer\"><\/div>\n\n\n\n<div class=\"wp-block-columns alignwide is-layout-flex wp-container-core-columns-is-layout-3b811c60 wp-block-columns-is-layout-flex\">\n<div class=\"wp-block-column is-layout-flow wp-block-column-is-layout-flow\">\n<p class=\"has-text-align-justify is-service-description wp-block-paragraph\">*El c\u00e1lculo del Pago Mensual incluye el capital correspondiente, los intereses, los impuestos sobre la propiedad y el PMI (si corresponde) de manera mensual.<\/p>\n<\/div>\n\n\n\n<div class=\"wp-block-column is-layout-flow wp-block-column-is-layout-flow\">\n<p class=\"has-text-align-justify wp-block-paragraph\">**El c\u00e1lculo del Inter\u00e9s del Pr\u00e9stamo con Pago Mensual representa el monto en d\u00f3lares que se pagar\u00e1 en intereses durante la vida del pr\u00e9stamo si se selecciona un pago por mes.<\/p>\n<\/div>\n\n\n\n<div class=\"wp-block-column is-layout-flow wp-block-column-is-layout-flow\">\n<p class=\"has-text-align-justify wp-block-paragraph\">***El c\u00e1lculo del Inter\u00e9s del Pr\u00e9stamo con Pago Quincenal representa el monto en d\u00f3lares que se pagar\u00e1 en intereses durante la vida del pr\u00e9stamo si se selecciona el pago quincenal o dos pagos por mes. Por favor, consulte con su profesional hipotecario para obtener m\u00e1s detalles y condiciones sobre este tipo de pago.<\/p>\n<\/div>\n\n\n\n<div class=\"wp-block-column is-layout-flow wp-block-column-is-layout-flow\">\n<p class=\"has-text-align-justify is-service-description wp-block-paragraph\">****El c\u00e1lculo de Ahorros con Pago Quincenal representa el monto en d\u00f3lares ahorrado con un pago quincenal o 26 pagos al a\u00f1o.<\/p>\n<\/div>\n<\/div>\n\n\n\n<div style=\"height:calc( 0.25 * var(--wp--style--root--padding-right, var(--wp--custom--gap--horizontal)))\" aria-hidden=\"true\" class=\"wp-block-spacer\"><\/div>\n<\/div>\n\n\n\n<div class=\"ccb-main-widget\" id=\"ccb_app_766\" data-calc-id=\"766\"><\/div>","protected":false},"excerpt":{"rendered":"<p>Use our mortgage calculator to estimate your monthly payments and find out the price of the property you could afford according to your budget. This calculator provides an approximate value of your mortgage loan, and a comparison between monthly and bi-weekly payments.&nbsp;Please keep in mind that these are estimated values based on the information provided. [&hellip;]<\/p>\n","protected":false},"author":246325184,"featured_media":0,"parent":0,"menu_order":0,"comment_status":"closed","ping_status":"closed","template":"","meta":{"_crdt_document":"","advanced_seo_description":"","jetpack_seo_html_title":"","jetpack_seo_noindex":false,"footnotes":""},"class_list":["post-173","page","type-page","status-publish","hentry"],"jetpack_likes_enabled":true,"jetpack_sharing_enabled":true,"jetpack_shortlink":"https:\/\/wp.me\/Pfvj9U-2N","jetpack-related-posts":[],"_links":{"self":[{"href":"https:\/\/wthproperties.com\/es\/wp-json\/wp\/v2\/pages\/173","targetHints":{"allow":["GET"]}}],"collection":[{"href":"https:\/\/wthproperties.com\/es\/wp-json\/wp\/v2\/pages"}],"about":[{"href":"https:\/\/wthproperties.com\/es\/wp-json\/wp\/v2\/types\/page"}],"author":[{"embeddable":true,"href":"https:\/\/wthproperties.com\/es\/wp-json\/wp\/v2\/users\/246325184"}],"replies":[{"embeddable":true,"href":"https:\/\/wthproperties.com\/es\/wp-json\/wp\/v2\/comments?post=173"}],"version-history":[{"count":44,"href":"https:\/\/wthproperties.com\/es\/wp-json\/wp\/v2\/pages\/173\/revisions"}],"predecessor-version":[{"id":1796,"href":"https:\/\/wthproperties.com\/es\/wp-json\/wp\/v2\/pages\/173\/revisions\/1796"}],"wp:attachment":[{"href":"https:\/\/wthproperties.com\/es\/wp-json\/wp\/v2\/media?parent=173"}],"curies":[{"name":"wp","href":"https:\/\/api.w.org\/{rel}","templated":true}]}}