{"id":1817,"date":"2025-11-13T08:39:13","date_gmt":"2025-11-13T14:39:13","guid":{"rendered":"https:\/\/wthproperties.com\/?page_id=1817"},"modified":"2025-11-13T08:50:41","modified_gmt":"2025-11-13T14:50:41","slug":"valeria-bran","status":"publish","type":"page","link":"https:\/\/wthproperties.com\/es\/valeria-bran\/","title":{"rendered":"Valeria Bran"},"content":{"rendered":"<div class=\"wp-block-group alignfull is-style-section-3 has-theme-5-color has-theme-1-background-color has-text-color has-background has-link-color wp-elements-135a0b206956abb5123b0e49a6ee6814 has-global-padding is-content-justification-center is-layout-constrained wp-block-group-is-layout-constrained is-style-section-3--1\" style=\"margin-top:0;margin-bottom:0;padding-top:var(--wp--preset--spacing--40);padding-bottom:var(--wp--preset--spacing--40)\">\n<div class=\"wp-block-columns alignwide are-vertically-aligned-center is-layout-flex wp-container-core-columns-is-layout-46072e6f wp-block-columns-is-layout-flex\">\n<div class=\"wp-block-column is-vertically-aligned-center is-layout-flow wp-block-column-is-layout-flow\">\n<h2 class=\"wp-block-heading\">Valeria Bran<\/h2>\n\n\n\n<p class=\"has-text-align-justify wp-block-paragraph\">Valeria Bran es una orgullosa graduada universitaria de primera generaci\u00f3n, residente de Illinois de toda la vida e hija de inmigrantes mexicanos. Con una s\u00f3lida experiencia en atenci\u00f3n al cliente\u2014que abarca desde restaurantes de ritmo acelerado hasta entornos profesionales de oficina\u2014aporta paciencia, comunicaci\u00f3n clara y un genuino inter\u00e9s en cada interacci\u00f3n con sus clientes.<\/p>\n\n\n\n<p class=\"has-text-align-justify wp-block-paragraph\">Profundamente arraigada en su herencia y guiada por la empat\u00eda, la creatividad y la integridad, Valeria comprende el profundo significado de \u201chogar\u201d. Su propia b\u00fasqueda de estabilidad y pertenencia inspira su misi\u00f3n de ayudar a otros a encontrar no solo una propiedad, sino un nuevo comienzo.<\/p>\n\n\n\n<p class=\"has-text-align-justify wp-block-paragraph\">El enfoque de Valeria en el sector inmobiliario combina la construcci\u00f3n de relaciones con una resoluci\u00f3n de problemas reflexiva. Ya sea una primera vivienda, una inversi\u00f3n o una nueva etapa, ella gu\u00eda cada paso con intenci\u00f3n, claridad y compasi\u00f3n. Su objetivo es sencillo: orientar a sus clientes con confianza y seguridad\u2014porque ning\u00fan sue\u00f1o es demasiado grande ni ninguna meta demasiado peque\u00f1a.<\/p>\n\n\n\n<div class=\"wp-block-buttons is-layout-flex wp-block-buttons-is-layout-flex\"><\/div>\n<\/div>\n\n\n\n<div class=\"wp-block-column is-vertically-aligned-center is-layout-flow wp-block-column-is-layout-flow\">\n<div class=\"wp-block-group alignfull is-style-default has-global-padding is-content-justification-center is-layout-constrained wp-container-core-group-is-layout-7b982284 wp-block-group-is-layout-constrained\" style=\"margin-top:0;margin-bottom:0;padding-top:var(--wp--preset--spacing--50);padding-bottom:var(--wp--preset--spacing--50)\">\n<div class=\"wp-block-group alignwide is-layout-flow wp-block-group-is-layout-flow\" style=\"margin-top:0;margin-bottom:0\">\n<div class=\"wp-block-group alignwide is-layout-flow wp-block-group-is-layout-flow\">\n<div style=\"height:20px\" aria-hidden=\"true\" class=\"wp-block-spacer\"><\/div>\n\n\n\n<div class=\"wp-block-columns alignwide is-layout-flex wp-container-core-columns-is-layout-414b2343 wp-block-columns-is-layout-flex\">\n<div class=\"wp-block-column is-layout-flow wp-container-core-column-is-layout-f96db3f4 wp-block-column-is-layout-flow\">\n<div class=\"wp-block-group is-layout-flow wp-container-core-group-is-layout-a1342021 wp-block-group-is-layout-flow\">\n<figure class=\"wp-block-image size-large wp-duotone-unset-2\"><img data-recalc-dims=\"1\" loading=\"lazy\" decoding=\"async\" width=\"3815\" height=\"3813\" data-attachment-id=\"1885\" data-permalink=\"https:\/\/wthproperties.com\/es\/andresyepez-watertowerholdings-staffheadshots-20251031_vj39420-3\/\" data-orig-file=\"https:\/\/i0.wp.com\/wthproperties.com\/wp-content\/uploads\/2025\/11\/AndresYepez-WaterTowerHoldings-StaffHeadshots-20251031_VJ39420-edited-1.jpg?fit=3815%2C3813&amp;ssl=1\" data-orig-size=\"3815,3813\" data-comments-opened=\"1\" data-image-meta=\"{&quot;aperture&quot;:&quot;4&quot;,&quot;credit&quot;:&quot;Vashon Jordan Jr.&quot;,&quot;camera&quot;:&quot;Canon EOS R3&quot;,&quot;caption&quot;:&quot;&quot;,&quot;created_timestamp&quot;:&quot;1761946269&quot;,&quot;copyright&quot;:&quot;City of Chicago&quot;,&quot;focal_length&quot;:&quot;85&quot;,&quot;iso&quot;:&quot;250&quot;,&quot;shutter_speed&quot;:&quot;0.003125&quot;,&quot;title&quot;:&quot;&quot;,&quot;orientation&quot;:&quot;0&quot;}\" data-image-title=\"AndresYepez-WaterTowerHoldings-StaffHeadshots-20251031_VJ39420\" data-image-description=\"\" data-image-caption=\"\" data-large-file=\"https:\/\/i0.wp.com\/wthproperties.com\/wp-content\/uploads\/2025\/11\/AndresYepez-WaterTowerHoldings-StaffHeadshots-20251031_VJ39420-edited-1.jpg?fit=1024%2C1024&amp;ssl=1\" src=\"https:\/\/i0.wp.com\/wthproperties.com\/wp-content\/uploads\/2025\/11\/AndresYepez-WaterTowerHoldings-StaffHeadshots-20251031_VJ39420-edited-1.jpg?resize=3815%2C3813&#038;ssl=1\" alt=\"\" class=\"wp-image-1885\" style=\"aspect-ratio:1;object-fit:cover\" srcset=\"https:\/\/i0.wp.com\/wthproperties.com\/wp-content\/uploads\/2025\/11\/AndresYepez-WaterTowerHoldings-StaffHeadshots-20251031_VJ39420-edited-1.jpg?w=3815&amp;ssl=1 3815w, https:\/\/i0.wp.com\/wthproperties.com\/wp-content\/uploads\/2025\/11\/AndresYepez-WaterTowerHoldings-StaffHeadshots-20251031_VJ39420-edited-1.jpg?resize=300%2C300&amp;ssl=1 300w, https:\/\/i0.wp.com\/wthproperties.com\/wp-content\/uploads\/2025\/11\/AndresYepez-WaterTowerHoldings-StaffHeadshots-20251031_VJ39420-edited-1.jpg?resize=1024%2C1024&amp;ssl=1 1024w, https:\/\/i0.wp.com\/wthproperties.com\/wp-content\/uploads\/2025\/11\/AndresYepez-WaterTowerHoldings-StaffHeadshots-20251031_VJ39420-edited-1.jpg?resize=150%2C150&amp;ssl=1 150w, https:\/\/i0.wp.com\/wthproperties.com\/wp-content\/uploads\/2025\/11\/AndresYepez-WaterTowerHoldings-StaffHeadshots-20251031_VJ39420-edited-1.jpg?resize=768%2C768&amp;ssl=1 768w, https:\/\/i0.wp.com\/wthproperties.com\/wp-content\/uploads\/2025\/11\/AndresYepez-WaterTowerHoldings-StaffHeadshots-20251031_VJ39420-edited-1.jpg?resize=1536%2C1536&amp;ssl=1 1536w, https:\/\/i0.wp.com\/wthproperties.com\/wp-content\/uploads\/2025\/11\/AndresYepez-WaterTowerHoldings-StaffHeadshots-20251031_VJ39420-edited-1.jpg?resize=2048%2C2048&amp;ssl=1 2048w, https:\/\/i0.wp.com\/wthproperties.com\/wp-content\/uploads\/2025\/11\/AndresYepez-WaterTowerHoldings-StaffHeadshots-20251031_VJ39420-edited-1.jpg?resize=12%2C12&amp;ssl=1 12w, https:\/\/i0.wp.com\/wthproperties.com\/wp-content\/uploads\/2025\/11\/AndresYepez-WaterTowerHoldings-StaffHeadshots-20251031_VJ39420-edited-1.jpg?resize=1200%2C1199&amp;ssl=1 1200w, https:\/\/i0.wp.com\/wthproperties.com\/wp-content\/uploads\/2025\/11\/AndresYepez-WaterTowerHoldings-StaffHeadshots-20251031_VJ39420-edited-1.jpg?resize=800%2C800&amp;ssl=1 800w, https:\/\/i0.wp.com\/wthproperties.com\/wp-content\/uploads\/2025\/11\/AndresYepez-WaterTowerHoldings-StaffHeadshots-20251031_VJ39420-edited-1.jpg?resize=600%2C600&amp;ssl=1 600w, https:\/\/i0.wp.com\/wthproperties.com\/wp-content\/uploads\/2025\/11\/AndresYepez-WaterTowerHoldings-StaffHeadshots-20251031_VJ39420-edited-1.jpg?resize=400%2C400&amp;ssl=1 400w, https:\/\/i0.wp.com\/wthproperties.com\/wp-content\/uploads\/2025\/11\/AndresYepez-WaterTowerHoldings-StaffHeadshots-20251031_VJ39420-edited-1.jpg?resize=200%2C200&amp;ssl=1 200w, https:\/\/i0.wp.com\/wthproperties.com\/wp-content\/uploads\/2025\/11\/AndresYepez-WaterTowerHoldings-StaffHeadshots-20251031_VJ39420-edited-1.jpg?w=3000&amp;ssl=1 3000w\" sizes=\"auto, (max-width: 1000px) 100vw, 1000px\" \/><\/figure>\n\n\n\n<div class=\"wp-block-group is-vertical is-nowrap is-layout-flex wp-container-core-group-is-layout-f777ddd7 wp-block-group-is-layout-flex\">\n<h3 class=\"wp-block-heading is-service-name\"><strong>CONTACT VALERIA <\/strong><\/h3>\n\n\n\n<p class=\"has-small-font-size wp-block-paragraph\"><\/p>\n\n\n\n<p class=\"is-service-description wp-block-paragraph\">valeria.bran@wthproperties.com <\/p>\n<\/div>\n<\/div>\n<\/div>\n\n\n\n<div class=\"wp-block-column is-layout-flow wp-container-core-column-is-layout-f96db3f4 wp-block-column-is-layout-flow\" style=\"flex-basis:20px\">\n<div class=\"wp-block-group is-layout-flow wp-container-core-group-is-layout-a1342021 wp-block-group-is-layout-flow\"><\/div>\n<\/div>\n<\/div>\n<\/div>\n<\/div>\n<\/div>\n<\/div>\n<\/div>\n<\/div>\n\n\n\n<div class=\"wp-block-columns is-layout-flex wp-container-core-columns-is-layout-3b811c60 wp-block-columns-is-layout-flex\">\n<div class=\"wp-block-column is-layout-flow wp-block-column-is-layout-flow\"><\/div>\n\n\n\n<div class=\"wp-block-column is-layout-flow wp-block-column-is-layout-flow\"><\/div>\n<\/div>","protected":false},"excerpt":{"rendered":"<p>Valeria Bran Valeria Bran&nbsp;is a proud first-generation college graduate, lifelong Illinois resident, and daughter of Mexican immigrants. With a strong background in customer service\u2014spanning fast-paced restaurants to professional office settings\u2014she brings patience, clear communication, and genuine care to every client interaction. Deeply rooted in her heritage and driven by empathy, creativity, and integrity, Valeria understands [&hellip;]<\/p>\n","protected":false},"author":246325184,"featured_media":0,"parent":0,"menu_order":0,"comment_status":"closed","ping_status":"closed","template":"","meta":{"_crdt_document":"","advanced_seo_description":"","jetpack_seo_html_title":"","jetpack_seo_noindex":false,"footnotes":""},"class_list":["post-1817","page","type-page","status-publish","hentry"],"jetpack_likes_enabled":true,"jetpack_sharing_enabled":true,"jetpack_shortlink":"https:\/\/wp.me\/Pfvj9U-tj","jetpack-related-posts":[],"_links":{"self":[{"href":"https:\/\/wthproperties.com\/es\/wp-json\/wp\/v2\/pages\/1817","targetHints":{"allow":["GET"]}}],"collection":[{"href":"https:\/\/wthproperties.com\/es\/wp-json\/wp\/v2\/pages"}],"about":[{"href":"https:\/\/wthproperties.com\/es\/wp-json\/wp\/v2\/types\/page"}],"author":[{"embeddable":true,"href":"https:\/\/wthproperties.com\/es\/wp-json\/wp\/v2\/users\/246325184"}],"replies":[{"embeddable":true,"href":"https:\/\/wthproperties.com\/es\/wp-json\/wp\/v2\/comments?post=1817"}],"version-history":[{"count":26,"href":"https:\/\/wthproperties.com\/es\/wp-json\/wp\/v2\/pages\/1817\/revisions"}],"predecessor-version":[{"id":1901,"href":"https:\/\/wthproperties.com\/es\/wp-json\/wp\/v2\/pages\/1817\/revisions\/1901"}],"wp:attachment":[{"href":"https:\/\/wthproperties.com\/es\/wp-json\/wp\/v2\/media?parent=1817"}],"curies":[{"name":"wp","href":"https:\/\/api.w.org\/{rel}","templated":true}]}}