{"id":196,"date":"2024-03-07T17:51:53","date_gmt":"2024-03-07T23:51:53","guid":{"rendered":"https:\/\/wthproperties.com\/?page_id=196"},"modified":"2025-11-04T15:01:21","modified_gmt":"2025-11-04T21:01:21","slug":"our-story","status":"publish","type":"page","link":"https:\/\/wthproperties.com\/es\/our-story\/","title":{"rendered":"Nuestra Historia"},"content":{"rendered":"<div class=\"wp-block-cover alignfull\" style=\"min-height:248px;aspect-ratio:unset;\"><img data-recalc-dims=\"1\" loading=\"lazy\" decoding=\"async\" width=\"1024\" height=\"768\" data-attachment-id=\"1107\" data-permalink=\"https:\/\/wthproperties.com\/es\/our-story\/chicago-views\/\" data-orig-file=\"https:\/\/i0.wp.com\/wthproperties.com\/wp-content\/uploads\/2024\/08\/chicago-views.png?fit=1024%2C768&amp;ssl=1\" data-orig-size=\"1024,768\" data-comments-opened=\"1\" data-image-meta=\"{&quot;aperture&quot;:&quot;0&quot;,&quot;credit&quot;:&quot;&quot;,&quot;camera&quot;:&quot;&quot;,&quot;caption&quot;:&quot;&quot;,&quot;created_timestamp&quot;:&quot;0&quot;,&quot;copyright&quot;:&quot;&quot;,&quot;focal_length&quot;:&quot;0&quot;,&quot;iso&quot;:&quot;0&quot;,&quot;shutter_speed&quot;:&quot;0&quot;,&quot;title&quot;:&quot;&quot;,&quot;orientation&quot;:&quot;0&quot;}\" data-image-title=\"chicago-views\" data-image-description=\"\" data-image-caption=\"\" data-large-file=\"https:\/\/i0.wp.com\/wthproperties.com\/wp-content\/uploads\/2024\/08\/chicago-views.png?fit=1024%2C768&amp;ssl=1\" class=\"wp-block-cover__image-background wp-image-1107\" alt=\"\" src=\"https:\/\/i0.wp.com\/wthproperties.com\/wp-content\/uploads\/2024\/08\/chicago-views.png?resize=1024%2C768&#038;ssl=1\" style=\"object-position:54% 4%\" data-object-fit=\"cover\" data-object-position=\"54% 4%\" srcset=\"https:\/\/i0.wp.com\/wthproperties.com\/wp-content\/uploads\/2024\/08\/chicago-views.png?w=1024&amp;ssl=1 1024w, https:\/\/i0.wp.com\/wthproperties.com\/wp-content\/uploads\/2024\/08\/chicago-views.png?resize=300%2C225&amp;ssl=1 300w, https:\/\/i0.wp.com\/wthproperties.com\/wp-content\/uploads\/2024\/08\/chicago-views.png?resize=768%2C576&amp;ssl=1 768w, https:\/\/i0.wp.com\/wthproperties.com\/wp-content\/uploads\/2024\/08\/chicago-views.png?resize=800%2C600&amp;ssl=1 800w, https:\/\/i0.wp.com\/wthproperties.com\/wp-content\/uploads\/2024\/08\/chicago-views.png?resize=600%2C450&amp;ssl=1 600w, https:\/\/i0.wp.com\/wthproperties.com\/wp-content\/uploads\/2024\/08\/chicago-views.png?resize=400%2C300&amp;ssl=1 400w, https:\/\/i0.wp.com\/wthproperties.com\/wp-content\/uploads\/2024\/08\/chicago-views.png?resize=200%2C150&amp;ssl=1 200w\" sizes=\"auto, (max-width: 1000px) 100vw, 1000px\" \/><span aria-hidden=\"true\" class=\"wp-block-cover__background has-background-dim-10 has-background-dim\" style=\"background-color:#7d8487\"><\/span><div class=\"wp-block-cover__inner-container has-global-padding is-layout-constrained wp-block-cover-is-layout-constrained\">\n<p class=\"has-text-align-center has-theme-1-color has-text-color has-link-color has-large-font-size wp-elements-65497ea229a5947c8cef3937e24af4f0 wp-block-paragraph\">WTH Properties - Su Asesor Confiable en Bienes Ra\u00edces<\/p>\n<\/div><\/div>\n\n\n\n<div class=\"wp-block-group alignfull is-layout-flex wp-block-group-is-layout-flex\" style=\"margin-top:0;margin-bottom:0;padding-top:calc( 0.5 * var(--wp--style--root--padding-right, var(--wp--custom--gap--horizontal)));padding-right:37px;padding-bottom:calc( 0.5 * var(--wp--style--root--padding-right, var(--wp--custom--gap--horizontal)));padding-left:37px\">\n<div style=\"height:calc( 0.25 * var(--wp--style--root--padding-right, var(--wp--custom--gap--horizontal)));width:0px\" aria-hidden=\"true\" class=\"wp-block-spacer wp-container-content-9760934e\"><\/div>\n\n\n\n<div class=\"wp-block-columns alignwide is-layout-flex wp-container-core-columns-is-layout-3b811c60 wp-block-columns-is-layout-flex\">\n<div class=\"wp-block-column is-layout-flow wp-block-column-is-layout-flow\">\n<h3 class=\"wp-block-heading has-text-align-center has-medium-font-size\">Nuestra Misi\u00f3n<\/h3>\n\n\n\n<p class=\"has-text-align-justify wp-block-paragraph\">En Water Tower Holdings Properties, nuestra misi\u00f3n es nuestro deseo de ayudar sinceramente a nuestros clientes a hacer realidad el sue\u00f1o de ser propietarios de una vivienda. Ya sea que seas un comprador de vivienda por primera vez o un inversionista experimentado, ofrecemos la mejor experiencia inmobiliaria posible para nuestros clientes. Estamos comprometidos a brindar un servicio excepcional y a crear relaciones duraderas.&nbsp;<\/p>\n\n\n\n<h3 class=\"wp-block-heading has-text-align-center has-medium-font-size\">Nuestro Equipo<\/h3>\n\n\n\n<p class=\"has-text-align-justify wp-block-paragraph\">Nuestro equipo de agentes experimentados est\u00e1 dedicado a ayudarte a navegar por el complejo mundo inmobiliario. Compartimos nuestro conocimiento y experiencia con nuestros clientes para ayudarles a alcanzar sus metas. La calidad de nuestro asesoramiento refleja m\u00e1s de 20 a\u00f1os de experiencia multifac\u00e9tica, combinada con nuestra pasi\u00f3n por el sector inmobiliario y un verdadero deseo de servir sinceramente a nuestra comunidad.&nbsp;<\/p>\n\n\n\n<h5 class=\"wp-block-heading\"><a href=\"https:\/\/wthproperties.com\/es\/meet-the-team\/\" data-type=\"page\" data-id=\"1802\">Conozca al equipo<\/a>!<\/h5>\n<\/div>\n<\/div>\n\n\n\n<div style=\"height:calc( 0.25 * var(--wp--style--root--padding-right, var(--wp--custom--gap--horizontal)));width:0px\" aria-hidden=\"true\" class=\"wp-block-spacer wp-container-content-9760934e\"><\/div>\n<\/div>\n\n\n\n<hr class=\"wp-block-separator alignwide has-alpha-channel-opacity is-style-wide\"\/>\n\n\n\n<div style=\"height:52px\" aria-hidden=\"true\" class=\"wp-block-spacer\"><\/div>\n\n\n\n<div class=\"wp-block-group alignfull has-background has-global-padding is-layout-constrained wp-container-core-group-is-layout-5ca31193 wp-block-group-is-layout-constrained\" style=\"background-color:#f9f9f9;margin-top:0;margin-bottom:0;padding-top:calc( 0.5 * var(--wp--style--root--padding-right, var(--wp--custom--gap--horizontal)));padding-right:var(--wp--style--root--padding-right, var(--wp--custom--gap--horizontal));padding-bottom:calc( 0.5 * var(--wp--style--root--padding-right, var(--wp--custom--gap--horizontal)));padding-left:var(--wp--style--root--padding-left, var(--wp--custom--gap--horizontal))\">\n<div class=\"wp-block-columns alignwide are-vertically-aligned-center is-layout-flex wp-container-core-columns-is-layout-ab3f7173 wp-block-columns-is-layout-flex\" style=\"padding-right:var(--wp--preset--spacing--30);padding-left:var(--wp--preset--spacing--30)\">\n<div class=\"wp-block-column is-vertically-aligned-center is-layout-flow wp-block-column-is-layout-flow\">\n<h2 class=\"wp-block-heading alignwide\">Andres E. Yepez, <\/h2>\n\n\n\n<h3 class=\"wp-block-heading alignwide\">Socio Fundador<\/h3>\n\n\n\n<p class=\"has-text-align-justify wp-block-paragraph\">La pasi\u00f3n de Andr\u00e9s por el sector inmobiliario comenz\u00f3 a una edad temprana; su abuela invert\u00eda en terrenos, propiedades residenciales y comerciales. Aprendiendo de su experiencia, Andr\u00e9s adquiri\u00f3 su primera propiedad de inversi\u00f3n de m\u00faltiples unidades mientras estaba en la universidad. La exposici\u00f3n temprana a todas las facetas del mundo inmobiliario \u2014negociar tratos, tocar puertas, interactuar directamente con propietarios para obtener las mejores oportunidades de inversi\u00f3n, gestionar contratistas y comunicarse con inquilinos\u2014 le permiti\u00f3 perfeccionar su habilidad innata para sentirse c\u00f3modo y disfrutar de los diferentes \u00e1ngulos de la industria.<\/p>\n\n\n\n<p class=\"has-text-align-justify wp-block-paragraph\">Tiene una maestr\u00eda en Administraci\u00f3n de Empresas (MBA) con especializaci\u00f3n en Finanzas y Marketing de la Universidad de Illinois, y habla con fluidez espa\u00f1ol y franc\u00e9s, lo que le permite atender de manera efectiva a sus clientes, incluidos inversionistas internacionales en bienes ra\u00edces. <\/p>\n\n\n\n<p class=\"has-text-align-justify wp-block-paragraph\">Impulsado por un esp\u00edritu emprendedor y el deseo de generar un impacto significativo en las comunidades, Andr\u00e9s fund\u00f3 Water Tower Holdings, Inc. Su misi\u00f3n: desarrollar propiedades de alta calidad, perfeccionar sistemas de rehabilitaci\u00f3n de primer nivel y liderar en excelencia en inversiones inmobiliarias. <\/p>\n\n\n\n<p class=\"has-text-align-justify wp-block-paragraph\">Con m\u00e1s de 20 a\u00f1os de experiencia en ventas y una dedicaci\u00f3n incansable para lograr los mejores resultados\u2014ya sea vendiendo una propiedad o encontrando la inversi\u00f3n perfecta\u2014Andr\u00e9s ha ofrecido constantemente resultados sobresalientes tanto a clientes como a inversionistas. Los bienes ra\u00edces no son solo su carrera; son parte de su ADN.<\/p>\n\n\n\n<p class=\"has-text-align-justify wp-block-paragraph\">&nbsp;&nbsp; &nbsp; &nbsp; &nbsp;&nbsp;<\/p>\n<\/div>\n\n\n\n<div class=\"wp-block-column is-vertically-aligned-center is-layout-flow wp-block-column-is-layout-flow\">\n<figure class=\"wp-block-image size-full has-custom-border\"><img data-recalc-dims=\"1\" loading=\"lazy\" decoding=\"async\" width=\"3802\" height=\"3802\" data-attachment-id=\"1864\" data-permalink=\"https:\/\/wthproperties.com\/es\/andresyepez-watertowerholdings-staffheadshots-20251031_vj39466-2\/\" data-orig-file=\"https:\/\/i0.wp.com\/wthproperties.com\/wp-content\/uploads\/2025\/11\/AndresYepez-WaterTowerHoldings-StaffHeadshots-20251031_VJ39466-edited.jpg?fit=3802%2C3802&amp;ssl=1\" data-orig-size=\"3802,3802\" data-comments-opened=\"1\" data-image-meta=\"{&quot;aperture&quot;:&quot;2.8&quot;,&quot;credit&quot;:&quot;Vashon Jordan Jr.&quot;,&quot;camera&quot;:&quot;Canon EOS R3&quot;,&quot;caption&quot;:&quot;&quot;,&quot;created_timestamp&quot;:&quot;1761946853&quot;,&quot;copyright&quot;:&quot;City of Chicago&quot;,&quot;focal_length&quot;:&quot;85&quot;,&quot;iso&quot;:&quot;250&quot;,&quot;shutter_speed&quot;:&quot;0.0015625&quot;,&quot;title&quot;:&quot;&quot;,&quot;orientation&quot;:&quot;0&quot;}\" data-image-title=\"AndresYepez-WaterTowerHoldings-StaffHeadshots-20251031_VJ39466\" data-image-description=\"\" data-image-caption=\"\" data-large-file=\"https:\/\/i0.wp.com\/wthproperties.com\/wp-content\/uploads\/2025\/11\/AndresYepez-WaterTowerHoldings-StaffHeadshots-20251031_VJ39466-edited.jpg?fit=1024%2C1024&amp;ssl=1\" src=\"https:\/\/i0.wp.com\/wthproperties.com\/wp-content\/uploads\/2025\/11\/AndresYepez-WaterTowerHoldings-StaffHeadshots-20251031_VJ39466-edited.jpg?resize=3802%2C3802&#038;ssl=1\" alt=\"\" class=\"has-border-color has-theme-1-border-color wp-image-1864\" style=\"border-radius:100em;aspect-ratio:1;object-fit:cover\" srcset=\"https:\/\/i0.wp.com\/wthproperties.com\/wp-content\/uploads\/2025\/11\/AndresYepez-WaterTowerHoldings-StaffHeadshots-20251031_VJ39466-edited.jpg?w=3802&amp;ssl=1 3802w, https:\/\/i0.wp.com\/wthproperties.com\/wp-content\/uploads\/2025\/11\/AndresYepez-WaterTowerHoldings-StaffHeadshots-20251031_VJ39466-edited.jpg?resize=300%2C300&amp;ssl=1 300w, https:\/\/i0.wp.com\/wthproperties.com\/wp-content\/uploads\/2025\/11\/AndresYepez-WaterTowerHoldings-StaffHeadshots-20251031_VJ39466-edited.jpg?resize=1024%2C1024&amp;ssl=1 1024w, https:\/\/i0.wp.com\/wthproperties.com\/wp-content\/uploads\/2025\/11\/AndresYepez-WaterTowerHoldings-StaffHeadshots-20251031_VJ39466-edited.jpg?resize=150%2C150&amp;ssl=1 150w, https:\/\/i0.wp.com\/wthproperties.com\/wp-content\/uploads\/2025\/11\/AndresYepez-WaterTowerHoldings-StaffHeadshots-20251031_VJ39466-edited.jpg?resize=768%2C768&amp;ssl=1 768w, https:\/\/i0.wp.com\/wthproperties.com\/wp-content\/uploads\/2025\/11\/AndresYepez-WaterTowerHoldings-StaffHeadshots-20251031_VJ39466-edited.jpg?resize=1536%2C1536&amp;ssl=1 1536w, https:\/\/i0.wp.com\/wthproperties.com\/wp-content\/uploads\/2025\/11\/AndresYepez-WaterTowerHoldings-StaffHeadshots-20251031_VJ39466-edited.jpg?resize=2048%2C2048&amp;ssl=1 2048w, https:\/\/i0.wp.com\/wthproperties.com\/wp-content\/uploads\/2025\/11\/AndresYepez-WaterTowerHoldings-StaffHeadshots-20251031_VJ39466-edited.jpg?resize=12%2C12&amp;ssl=1 12w, https:\/\/i0.wp.com\/wthproperties.com\/wp-content\/uploads\/2025\/11\/AndresYepez-WaterTowerHoldings-StaffHeadshots-20251031_VJ39466-edited.jpg?resize=1200%2C1200&amp;ssl=1 1200w, https:\/\/i0.wp.com\/wthproperties.com\/wp-content\/uploads\/2025\/11\/AndresYepez-WaterTowerHoldings-StaffHeadshots-20251031_VJ39466-edited.jpg?resize=800%2C800&amp;ssl=1 800w, https:\/\/i0.wp.com\/wthproperties.com\/wp-content\/uploads\/2025\/11\/AndresYepez-WaterTowerHoldings-StaffHeadshots-20251031_VJ39466-edited.jpg?resize=600%2C600&amp;ssl=1 600w, https:\/\/i0.wp.com\/wthproperties.com\/wp-content\/uploads\/2025\/11\/AndresYepez-WaterTowerHoldings-StaffHeadshots-20251031_VJ39466-edited.jpg?resize=400%2C400&amp;ssl=1 400w, https:\/\/i0.wp.com\/wthproperties.com\/wp-content\/uploads\/2025\/11\/AndresYepez-WaterTowerHoldings-StaffHeadshots-20251031_VJ39466-edited.jpg?resize=200%2C200&amp;ssl=1 200w, https:\/\/i0.wp.com\/wthproperties.com\/wp-content\/uploads\/2025\/11\/AndresYepez-WaterTowerHoldings-StaffHeadshots-20251031_VJ39466-edited.jpg?w=3000&amp;ssl=1 3000w\" sizes=\"auto, (max-width: 1000px) 100vw, 1000px\" \/><\/figure>\n<\/div>\n<\/div>\n\n\n\n<div style=\"height:calc( 0.25 * var(--wp--style--root--padding-right, var(--wp--custom--gap--horizontal)))\" aria-hidden=\"true\" class=\"wp-block-spacer\"><\/div>\n<\/div>\n\n\n\n<p class=\"wp-block-paragraph\"><\/p>","protected":false},"excerpt":{"rendered":"<p>Our Mission At Water Tower Holdings\u2019 Properties, the mission is our eagerness to honestly help our clients make the dream of homeownership a reality. Regardless of being a first time homebuyer or a seasoned investor, we provide the best possible real estate experience for our clients. We are committed to delivering exceptional service and creating [&hellip;]<\/p>\n","protected":false},"author":246325184,"featured_media":0,"parent":0,"menu_order":0,"comment_status":"closed","ping_status":"closed","template":"","meta":{"_crdt_document":"","advanced_seo_description":"","jetpack_seo_html_title":"","jetpack_seo_noindex":false,"footnotes":""},"class_list":["post-196","page","type-page","status-publish","hentry"],"jetpack_likes_enabled":true,"jetpack_sharing_enabled":true,"jetpack_shortlink":"https:\/\/wp.me\/Pfvj9U-3a","jetpack-related-posts":[],"_links":{"self":[{"href":"https:\/\/wthproperties.com\/es\/wp-json\/wp\/v2\/pages\/196","targetHints":{"allow":["GET"]}}],"collection":[{"href":"https:\/\/wthproperties.com\/es\/wp-json\/wp\/v2\/pages"}],"about":[{"href":"https:\/\/wthproperties.com\/es\/wp-json\/wp\/v2\/types\/page"}],"author":[{"embeddable":true,"href":"https:\/\/wthproperties.com\/es\/wp-json\/wp\/v2\/users\/246325184"}],"replies":[{"embeddable":true,"href":"https:\/\/wthproperties.com\/es\/wp-json\/wp\/v2\/comments?post=196"}],"version-history":[{"count":27,"href":"https:\/\/wthproperties.com\/es\/wp-json\/wp\/v2\/pages\/196\/revisions"}],"predecessor-version":[{"id":1879,"href":"https:\/\/wthproperties.com\/es\/wp-json\/wp\/v2\/pages\/196\/revisions\/1879"}],"wp:attachment":[{"href":"https:\/\/wthproperties.com\/es\/wp-json\/wp\/v2\/media?parent=196"}],"curies":[{"name":"wp","href":"https:\/\/api.w.org\/{rel}","templated":true}]}}