{"id":39,"date":"2024-03-04T19:16:45","date_gmt":"2024-03-05T01:16:45","guid":{"rendered":"https:\/\/wthproperties.com\/?page_id=39"},"modified":"2024-09-13T13:30:37","modified_gmt":"2024-09-13T18:30:37","slug":"list-with-us","status":"publish","type":"page","link":"https:\/\/wthproperties.com\/es\/list-with-us\/","title":{"rendered":"\u00a1Venda con nosotros!"},"content":{"rendered":"<div class=\"wp-block-cover alignfull\" style=\"min-height:234px;aspect-ratio:unset;\"><span aria-hidden=\"true\" class=\"wp-block-cover__background has-background-dim-30 has-background-dim\" style=\"background-color:#847b76\"><\/span><img data-recalc-dims=\"1\" loading=\"lazy\" decoding=\"async\" width=\"1024\" height=\"768\" data-attachment-id=\"1141\" data-permalink=\"https:\/\/wthproperties.com\/es\/property-services\/modern-chic-library-home\/\" data-orig-file=\"https:\/\/i0.wp.com\/wthproperties.com\/wp-content\/uploads\/2024\/08\/modern-chic-library-home.png?fit=1024%2C768&amp;ssl=1\" data-orig-size=\"1024,768\" data-comments-opened=\"1\" data-image-meta=\"{&quot;aperture&quot;:&quot;0&quot;,&quot;credit&quot;:&quot;&quot;,&quot;camera&quot;:&quot;&quot;,&quot;caption&quot;:&quot;&quot;,&quot;created_timestamp&quot;:&quot;0&quot;,&quot;copyright&quot;:&quot;&quot;,&quot;focal_length&quot;:&quot;0&quot;,&quot;iso&quot;:&quot;0&quot;,&quot;shutter_speed&quot;:&quot;0&quot;,&quot;title&quot;:&quot;&quot;,&quot;orientation&quot;:&quot;0&quot;}\" data-image-title=\"modern-chic-library-home\" data-image-description=\"\" data-image-caption=\"\" data-large-file=\"https:\/\/i0.wp.com\/wthproperties.com\/wp-content\/uploads\/2024\/08\/modern-chic-library-home.png?fit=1024%2C768&amp;ssl=1\" class=\"wp-block-cover__image-background wp-image-1141\" alt=\"\" src=\"https:\/\/i0.wp.com\/wthproperties.com\/wp-content\/uploads\/2024\/08\/modern-chic-library-home.png?resize=1024%2C768&#038;ssl=1\" style=\"object-position:52% 63%\" data-object-fit=\"cover\" data-object-position=\"52% 63%\" srcset=\"https:\/\/i0.wp.com\/wthproperties.com\/wp-content\/uploads\/2024\/08\/modern-chic-library-home.png?w=1024&amp;ssl=1 1024w, https:\/\/i0.wp.com\/wthproperties.com\/wp-content\/uploads\/2024\/08\/modern-chic-library-home.png?resize=300%2C225&amp;ssl=1 300w, https:\/\/i0.wp.com\/wthproperties.com\/wp-content\/uploads\/2024\/08\/modern-chic-library-home.png?resize=768%2C576&amp;ssl=1 768w, https:\/\/i0.wp.com\/wthproperties.com\/wp-content\/uploads\/2024\/08\/modern-chic-library-home.png?resize=800%2C600&amp;ssl=1 800w, https:\/\/i0.wp.com\/wthproperties.com\/wp-content\/uploads\/2024\/08\/modern-chic-library-home.png?resize=600%2C450&amp;ssl=1 600w, https:\/\/i0.wp.com\/wthproperties.com\/wp-content\/uploads\/2024\/08\/modern-chic-library-home.png?resize=400%2C300&amp;ssl=1 400w, https:\/\/i0.wp.com\/wthproperties.com\/wp-content\/uploads\/2024\/08\/modern-chic-library-home.png?resize=200%2C150&amp;ssl=1 200w\" sizes=\"auto, (max-width: 1000px) 100vw, 1000px\" \/><div class=\"wp-block-cover__inner-container has-global-padding is-layout-constrained wp-block-cover-is-layout-constrained\">\n<p class=\"has-text-align-center has-theme-1-color has-text-color has-link-color has-large-font-size wp-elements-859ea04e19f086c7ff9061b2ac6ce7d1 wp-block-paragraph\">Factores Que Nos Diferencian<\/p>\n<\/div><\/div>\n\n\n\n<div class=\"wp-block-group alignfull has-theme-1-background-color has-background has-global-padding is-content-justification-center is-layout-constrained wp-container-core-group-is-layout-064123ce wp-block-group-is-layout-constrained\" style=\"margin-top:0;margin-bottom:0;padding-top:calc( 0.5 * var(--wp--style--root--padding-right, var(--wp--custom--gap--horizontal)));padding-right:37px;padding-bottom:calc( 0.5 * var(--wp--style--root--padding-right, var(--wp--custom--gap--horizontal)));padding-left:37px\">\n<div style=\"height:var(--wp--preset--spacing--20)\" aria-hidden=\"true\" class=\"wp-block-spacer\"><\/div>\n\n\n\n<div class=\"wp-block-columns alignwide is-layout-flex wp-container-core-columns-is-layout-ab3f7173 wp-block-columns-is-layout-flex\" style=\"padding-right:var(--wp--preset--spacing--30);padding-left:var(--wp--preset--spacing--30)\">\n<div class=\"wp-block-column is-layout-flow wp-block-column-is-layout-flow\">\n<h3 class=\"wp-block-heading has-medium-font-size\">Asesores de Confianza<\/h3>\n\n\n\n<p class=\"has-text-align-justify wp-block-paragraph\">Su propiedad es potencialmente uno de los activos m\u00e1s valiosos que posee. Desde nuestra consulta inicial, nos convertimos en un asesor de confianza que se compromete a lograr el precio de venta m\u00e1s alto para su propiedad, mientras lo guiamos en los pasos necesarios (como decoraci\u00f3n, mejoras cosm\u00e9ticas, remodelaci\u00f3n) que debe seguir para obtener los mejores rendimientos.<\/p>\n<\/div>\n\n\n\n<div class=\"wp-block-column is-layout-flow wp-block-column-is-layout-flow\">\n<h3 class=\"wp-block-heading has-medium-font-size\">Servicio de Calidad<\/h3>\n\n\n\n<p class=\"has-text-align-justify wp-block-paragraph\">Uno de nuestros valores fundamentales es ofrecer incondicionalmente un servicio honesto y de calidad excepcional a nuestros clientes. Nuestro objetivo com\u00fan de lograr el precio de venta m\u00e1s alto para su propiedad en el menor tiempo de listado en el mercado est\u00e1 impulsado por m\u00e1s de veinte a\u00f1os de experiencia en bienes ra\u00edces de nuestro equipo, un amplio conocimiento del mercado y, lo m\u00e1s importante, un compromiso inquebrantable de servir a nuestros clientes con entusiasmo.<\/p>\n<\/div>\n\n\n\n<div class=\"wp-block-column is-layout-flow wp-block-column-is-layout-flow\">\n<h3 class=\"wp-block-heading has-medium-font-size\">Equipo Talentoso<\/h3>\n\n\n\n<p class=\"has-text-align-justify wp-block-paragraph\">Nuestro ingenioso equipo de marketing combina una educaci\u00f3n de nivel de maestr\u00eda con una amplia experiencia en el mundo real, creando un equipo ideal de expertos dedicados que trabajan para usted. Personalizamos nuestros planes de marketing espec\u00edficamente para atender sus necesidades, utilizando solo a los artistas de fotograf\u00eda internos m\u00e1s talentosos, estrategias de marketing de vanguardia, jornadas de open house bien planificadas, una amplia red de agentes inmobiliarios y un alcance internacional para promocionar su propiedad.<\/p>\n<\/div>\n<\/div>\n<\/div>\n\n\n\n<div class=\"wp-block-group alignfull has-theme-1-background-color has-background has-global-padding is-content-justification-center is-layout-constrained wp-container-core-group-is-layout-064123ce wp-block-group-is-layout-constrained\" style=\"margin-top:0;margin-bottom:0;padding-top:calc( 0.5 * var(--wp--style--root--padding-right, var(--wp--custom--gap--horizontal)));padding-right:37px;padding-bottom:calc( 0.5 * var(--wp--style--root--padding-right, var(--wp--custom--gap--horizontal)));padding-left:37px\">\n<div class=\"wp-block-columns alignwide is-layout-flex wp-container-core-columns-is-layout-ab3f7173 wp-block-columns-is-layout-flex\" style=\"padding-right:var(--wp--preset--spacing--30);padding-left:var(--wp--preset--spacing--30)\">\n<div class=\"wp-block-column is-layout-flow wp-block-column-is-layout-flow\">\n<h3 class=\"wp-block-heading has-medium-font-size\">Compromiso<\/h3>\n\n\n\n<p class=\"has-text-align-justify wp-block-paragraph\">Le garantizamos que recibir\u00e1 la atenci\u00f3n incondicional y el compromiso de tiempo de nuestros agentes inmobiliarios. Nuestra cultura fomenta la facilidad de contacto, el profesionalismo y promueve la comunicaci\u00f3n abierta con nuestros clientes, as\u00ed como con otras partes involucradas en la transacci\u00f3n. En resumen, todo nuestro equipo est\u00e1 aqu\u00ed para usted y siempre superamos las expectativas.<\/p>\n<\/div>\n\n\n\n<div class=\"wp-block-column is-layout-flow wp-block-column-is-layout-flow\">\n<h3 class=\"wp-block-heading has-medium-font-size\">Habilidades de Negociaci\u00f3n<\/h3>\n\n\n\n<p class=\"has-text-align-justify wp-block-paragraph\">El arte de negociar en nombre de nuestros clientes es una de nuestras principales fortalezas como empresa. Water Tower Holdings Properties ha implementado sistemas comprobados para obtener el precio m\u00e1ximo por pie cuadrado para su propiedad. Nuestra experiencia es su mejor aliada para navegar por el proceso de negociaci\u00f3n. Permita que nuestras habilidades superiores de negociaci\u00f3n est\u00e9n a su servicio.<\/p>\n<\/div>\n\n\n\n<div class=\"wp-block-column is-layout-flow wp-block-column-is-layout-flow\">\n<h3 class=\"wp-block-heading has-medium-font-size\">Usted Es Nuestra Prioridad<\/h3>\n\n\n\n<p class=\"has-text-align-justify wp-block-paragraph\">Nuestro modelo de negocio verticalmente integrado nos brinda la flexibilidad para crear el trato m\u00e1s rentable que beneficie a nuestros clientes. Nuestra empresa cuenta con diferentes fuentes de ingresos, por lo que tenemos la capacidad de negociar las comisiones que se cobran a los vendedores, \u00a1ofreciendo las mejores tarifas del mercado! Usted es nuestra prioridad, independientemente del estado de la propiedad; WTH est\u00e1 comprometido a ayudarle a venderla o a proporcionar la alternativa m\u00e1s rentable para nuestros clientes.<\/p>\n<\/div>\n<\/div>\n\n\n\n<div style=\"height:31px\" aria-hidden=\"true\" class=\"wp-block-spacer\"><\/div>\n\n\n\n<div class=\"wp-block-buttons is-content-justification-center is-layout-flex wp-container-core-buttons-is-layout-69bbf988 wp-block-buttons-is-layout-flex\">\n<div class=\"wp-block-button\"><a class=\"wp-block-button__link has-text-align-center wp-element-button\" href=\"https:\/\/wthproperties.com\/es\/contact-us\/\">\u00a1Venda con nosotros!<\/a><\/div>\n<\/div>\n\n\n\n<div style=\"height:var(--wp--preset--spacing--20)\" aria-hidden=\"true\" class=\"wp-block-spacer\"><\/div>\n<\/div>\n\n\n\n<div class=\"wp-block-cover alignwide is-light\" style=\"min-height:173px;aspect-ratio:unset;\"><span aria-hidden=\"true\" class=\"wp-block-cover__background has-background-dim-20 has-background-dim\" style=\"background-color:#9c968f\"><\/span><img data-recalc-dims=\"1\" loading=\"lazy\" decoding=\"async\" width=\"1024\" height=\"768\" data-attachment-id=\"1043\" data-permalink=\"https:\/\/wthproperties.com\/es\/list-with-us\/modern-kitchen\/\" data-orig-file=\"https:\/\/i0.wp.com\/wthproperties.com\/wp-content\/uploads\/2024\/08\/modern-kitchen.png?fit=1024%2C768&amp;ssl=1\" data-orig-size=\"1024,768\" data-comments-opened=\"1\" data-image-meta=\"{&quot;aperture&quot;:&quot;0&quot;,&quot;credit&quot;:&quot;&quot;,&quot;camera&quot;:&quot;&quot;,&quot;caption&quot;:&quot;&quot;,&quot;created_timestamp&quot;:&quot;0&quot;,&quot;copyright&quot;:&quot;&quot;,&quot;focal_length&quot;:&quot;0&quot;,&quot;iso&quot;:&quot;0&quot;,&quot;shutter_speed&quot;:&quot;0&quot;,&quot;title&quot;:&quot;&quot;,&quot;orientation&quot;:&quot;0&quot;}\" data-image-title=\"modern-kitchen\" data-image-description=\"\" data-image-caption=\"\" data-large-file=\"https:\/\/i0.wp.com\/wthproperties.com\/wp-content\/uploads\/2024\/08\/modern-kitchen.png?fit=1024%2C768&amp;ssl=1\" class=\"wp-block-cover__image-background wp-image-1043\" alt=\"\" src=\"https:\/\/i0.wp.com\/wthproperties.com\/wp-content\/uploads\/2024\/08\/modern-kitchen.png?resize=1024%2C768&#038;ssl=1\" data-object-fit=\"cover\" srcset=\"https:\/\/i0.wp.com\/wthproperties.com\/wp-content\/uploads\/2024\/08\/modern-kitchen.png?w=1024&amp;ssl=1 1024w, https:\/\/i0.wp.com\/wthproperties.com\/wp-content\/uploads\/2024\/08\/modern-kitchen.png?resize=300%2C225&amp;ssl=1 300w, https:\/\/i0.wp.com\/wthproperties.com\/wp-content\/uploads\/2024\/08\/modern-kitchen.png?resize=768%2C576&amp;ssl=1 768w, https:\/\/i0.wp.com\/wthproperties.com\/wp-content\/uploads\/2024\/08\/modern-kitchen.png?resize=800%2C600&amp;ssl=1 800w, https:\/\/i0.wp.com\/wthproperties.com\/wp-content\/uploads\/2024\/08\/modern-kitchen.png?resize=600%2C450&amp;ssl=1 600w, https:\/\/i0.wp.com\/wthproperties.com\/wp-content\/uploads\/2024\/08\/modern-kitchen.png?resize=400%2C300&amp;ssl=1 400w, https:\/\/i0.wp.com\/wthproperties.com\/wp-content\/uploads\/2024\/08\/modern-kitchen.png?resize=200%2C150&amp;ssl=1 200w\" sizes=\"auto, (max-width: 1000px) 100vw, 1000px\" \/><div class=\"wp-block-cover__inner-container has-global-padding is-layout-constrained wp-block-cover-is-layout-constrained\">\n<p class=\"has-text-align-center wp-block-paragraph\" style=\"font-size:clamp(18.959px, 1.185rem + ((1vw - 3.2px) * 0.986), 30px);\"><mark style=\"background-color:#DCDCDC\" class=\"has-inline-color has-theme-5-color\">\u00a1Nuestro proceso resulta en menos tiempo en el mercado y genera mayores retornos!<\/mark><\/p>\n<\/div><\/div>\n\n\n\n<div style=\"height:18px\" aria-hidden=\"true\" class=\"wp-block-spacer\"><\/div>","protected":false},"excerpt":{"rendered":"<p>Trusted Advisors Your property is potentially one of the most valuable assets you possess, from our initial consultation we become a trusted advisor that will earnestly produce the highest sales price for your property, while guiding you on the necessary steps (staging, cosmetic upgrades, remodeling) to take in order to produce leading returns. Quality Service [&hellip;]<\/p>\n","protected":false},"author":246325184,"featured_media":0,"parent":0,"menu_order":0,"comment_status":"closed","ping_status":"closed","template":"","meta":{"_crdt_document":"","advanced_seo_description":"","jetpack_seo_html_title":"","jetpack_seo_noindex":false,"footnotes":""},"class_list":["post-39","page","type-page","status-publish","hentry"],"jetpack_likes_enabled":true,"jetpack_sharing_enabled":true,"jetpack_shortlink":"https:\/\/wp.me\/Pfvj9U-D","jetpack-related-posts":[],"_links":{"self":[{"href":"https:\/\/wthproperties.com\/es\/wp-json\/wp\/v2\/pages\/39","targetHints":{"allow":["GET"]}}],"collection":[{"href":"https:\/\/wthproperties.com\/es\/wp-json\/wp\/v2\/pages"}],"about":[{"href":"https:\/\/wthproperties.com\/es\/wp-json\/wp\/v2\/types\/page"}],"author":[{"embeddable":true,"href":"https:\/\/wthproperties.com\/es\/wp-json\/wp\/v2\/users\/246325184"}],"replies":[{"embeddable":true,"href":"https:\/\/wthproperties.com\/es\/wp-json\/wp\/v2\/comments?post=39"}],"version-history":[{"count":25,"href":"https:\/\/wthproperties.com\/es\/wp-json\/wp\/v2\/pages\/39\/revisions"}],"predecessor-version":[{"id":1298,"href":"https:\/\/wthproperties.com\/es\/wp-json\/wp\/v2\/pages\/39\/revisions\/1298"}],"wp:attachment":[{"href":"https:\/\/wthproperties.com\/es\/wp-json\/wp\/v2\/media?parent=39"}],"curies":[{"name":"wp","href":"https:\/\/api.w.org\/{rel}","templated":true}]}}